{"id":2453,"date":"2024-10-23T08:24:32","date_gmt":"2024-10-23T06:24:32","guid":{"rendered":"https:\/\/demo.familyvillasardinia.com\/costa-smeralda\/"},"modified":"2024-11-27T15:01:20","modified_gmt":"2024-11-27T14:01:20","slug":"costa-smeralda","status":"publish","type":"page","link":"https:\/\/www.familyvillasardinia.com\/de\/costa-smeralda\/","title":{"rendered":"Costa Smeralda"},"content":{"rendered":"<p>Die <strong>Costa Smeralda<\/strong> ist ein Reiseziel von au\u00dfergew\u00f6hnlicher Sch\u00f6nheit, ein K\u00fcstenabschnitt in <strong>Sardinien<\/strong>, der wie eine Postkarte aussieht und an dem es an jeder Ecke Wunder zu entdecken gibt. Hier vermischen sich feine Sandstr\u00e4nde mit dem <strong>kristallklaren sardischen Meer<\/strong> und einer wilden Natur, die jeden Besucher in ihren Bann zieht. Die Costa Smeralda zu entdecken bedeutet, sich von einzigartigen Orten einfangen zu lassen, die alle ihren eigenen Charme und Charakter haben.<\/p>\n<p><strong>Porto Cervo<\/strong>, das pulsierende Herz der Costa Smeralda, ist ein Synonym f\u00fcr Eleganz und Luxus. Dieser exklusive Ort ist ber\u00fchmt f\u00fcr seine glitzernden Yachten, Haute-Couture-Boutiquen und Luxusrestaurants und bietet ein traumhaftes Panorama, das Besucher aus der ganzen Welt anzieht.<\/p>\n<p>Nur wenige Kilometer entfernt pr\u00e4sentiert sich <strong>Baja Sardinia<\/strong> als eine Oase der Ruhe und Sch\u00f6nheit. Die ber\u00fchmte <strong>Cala Battistoni<\/strong> mit ihrem wei\u00dfen Sand und t\u00fcrkisfarbenen Wasser ist der perfekte Ort f\u00fcr alle, die einen entspannten Urlaub an der Costa Smeralda verbringen m\u00f6chten.<\/p>\n<p><strong>Cannigione<\/strong> ist ein K\u00fcstendorf, perfekt f\u00fcr alle, die Authentizit\u00e4t und Entspannung suchen. Der goldene Strand und das klare Wasser laden zu langen Tagen in der Sonne ein, w\u00e4hrend der Jachthafen der ideale Ausgangspunkt f\u00fcr Ausfl\u00fcge zu den nahe gelegenen Inseln ist.<\/p>\n<p>Weiter im Landesinneren ist <strong>San Pantaleo<\/strong> ein in den Granitbergen verstecktes Juwel. Dieses malerische Dorf ist ber\u00fchmt f\u00fcr seinen Wochenmarkt, auf dem K\u00fcnstler und Kunsthandwerker einzigartige Kreationen ausstellen, und seine engen Steingassen, die das authentische Wesen <strong>Sardiniens<\/strong> einfangen.<\/p>\n<p><strong>Palau<\/strong> zeichnet sich durch seine wilde Natur und spektakul\u00e4ren Felsformationen aus. Ber\u00fchmt f\u00fcr den <strong>B\u00e4renfelsen<\/strong>, eine imposante, vom Wind geformte Naturskulptur, bietet Palau atemberaubende Aussichten und kristallklare Str\u00e4nde. Von hier aus starten auch Ausfl\u00fcge zum<strong>Archipel von La Maddalena<\/strong>, die eine unvergessliche Reise zu den sch\u00f6nsten Inseln Sardiniens bieten.<\/p>\n<p>Die Costa Smeralda ist nicht nur ein Reiseziel: Sie ist eine Reise durch die faszinierendsten Orte Sardiniens, eine Einladung, die unber\u00fchrte Natur, Kultur und zeitlose Sch\u00f6nheit dieser einzigartigen Insel zu entdecken.<\/p>\n","protected":false},"excerpt":{"rendered":"<p>Die Costa Smeralda ist ein Reiseziel von au\u00dfergew\u00f6hnlicher Sch\u00f6nheit, ein K\u00fcstenabschnitt in Sardinien, der wie eine Postkarte aussieht und an dem es an jeder Ecke Wunder zu entdecken gibt. Hier vermischen sich feine Sandstr\u00e4nde mit dem kristallklaren sardischen Meer und einer wilden Natur, die jeden Besucher in ihren Bann zieht. Die Costa Smeralda zu entdecken [&hellip;]<\/p>\n","protected":false},"author":1,"featured_media":849,"parent":0,"menu_order":0,"comment_status":"closed","ping_status":"closed","template":"","meta":{"_acf_changed":false,"footnotes":""},"categoria-pagina":[],"class_list":["post-2453","page","type-page","status-publish","has-post-thumbnail","hentry"],"acf":[],"_links":{"self":[{"href":"https:\/\/www.familyvillasardinia.com\/de\/wp-json\/wp\/v2\/pages\/2453","targetHints":{"allow":["GET"]}}],"collection":[{"href":"https:\/\/www.familyvillasardinia.com\/de\/wp-json\/wp\/v2\/pages"}],"about":[{"href":"https:\/\/www.familyvillasardinia.com\/de\/wp-json\/wp\/v2\/types\/page"}],"author":[{"embeddable":true,"href":"https:\/\/www.familyvillasardinia.com\/de\/wp-json\/wp\/v2\/users\/1"}],"replies":[{"embeddable":true,"href":"https:\/\/www.familyvillasardinia.com\/de\/wp-json\/wp\/v2\/comments?post=2453"}],"version-history":[{"count":1,"href":"https:\/\/www.familyvillasardinia.com\/de\/wp-json\/wp\/v2\/pages\/2453\/revisions"}],"predecessor-version":[{"id":2461,"href":"https:\/\/www.familyvillasardinia.com\/de\/wp-json\/wp\/v2\/pages\/2453\/revisions\/2461"}],"wp:featuredmedia":[{"embeddable":true,"href":"https:\/\/www.familyvillasardinia.com\/de\/wp-json\/wp\/v2\/media\/849"}],"wp:attachment":[{"href":"https:\/\/www.familyvillasardinia.com\/de\/wp-json\/wp\/v2\/media?parent=2453"}],"wp:term":[{"taxonomy":"categoria-pagina","embeddable":true,"href":"https:\/\/www.familyvillasardinia.com\/de\/wp-json\/wp\/v2\/categoria-pagina?post=2453"}],"curies":[{"name":"wp","href":"https:\/\/api.w.org\/{rel}","templated":true}]}}