{"id":2463,"date":"2024-09-19T14:45:24","date_gmt":"2024-09-19T12:45:24","guid":{"rendered":"https:\/\/demo.familyvillasardinia.com\/sich-wie-zu-hause-fuehlen\/"},"modified":"2024-11-29T10:48:39","modified_gmt":"2024-11-29T09:48:39","slug":"sich-wie-zu-hause-fuehlen","status":"publish","type":"page","link":"https:\/\/www.familyvillasardinia.com\/de\/","title":{"rendered":"Sich wie zu Hause f\u00fchlen"},"content":{"rendered":"<p><span style=\"font-weight: 400;\">Stellen Sie sich einen Ort vor, an dem die Zeit langsamer vergeht und jeder Moment zu einer kostbaren Erinnerung wird.<br \/>\nHier, im Herzen Sardiniens, beginnen Ihre Tage mit einer sanften Brise, die den Duft des Meeres und der unber\u00fchrten Natur mit sich bringt. Die exklusiven Villen, die Sie willkommen hei\u00dfen, sind nicht nur ein R\u00fcckzugsort, sondern eine Erweiterung Ihres Zuhauses, wo Komfort auf die atemberaubende Sch\u00f6nheit der Costa Smeralda trifft.<br \/>\nSt\u00f6bern Sie durch Bilder und Geschichten, lassen Sie sich von den Erlebnissen inspirieren, die auf Sie warten: Bootsausfl\u00fcge, Kitesurf-Abenteuer, goldene Str\u00e4nde, an denen Ihre Kinder frei und gl\u00fccklich herumtoben k\u00f6nnen.<br \/>\nDies ist Ihr pers\u00f6nliches Paradies, ein Ort, an dem jedes Detail darauf ausgelegt ist, Ihnen den Urlaub zu erm\u00f6glichen, von dem Sie schon immer getr\u00e4umt haben \u2013 in vollkommener Ruhe und Privatsph\u00e4re. <\/span><\/p>\n","protected":false},"excerpt":{"rendered":"<p>Stellen Sie sich einen Ort vor, an dem die Zeit langsamer vergeht und jeder Moment zu einer kostbaren Erinnerung wird. Hier, im Herzen Sardiniens, beginnen Ihre Tage mit einer sanften Brise, die den Duft des Meeres und der unber\u00fchrten Natur mit sich bringt. Die exklusiven Villen, die Sie willkommen hei\u00dfen, sind nicht nur ein R\u00fcckzugsort, [&hellip;]<\/p>\n","protected":false},"author":1,"featured_media":0,"parent":0,"menu_order":0,"comment_status":"closed","ping_status":"closed","template":"","meta":{"_acf_changed":false,"footnotes":""},"categoria-pagina":[],"class_list":["post-2463","page","type-page","status-publish","hentry"],"acf":[],"_links":{"self":[{"href":"https:\/\/www.familyvillasardinia.com\/de\/wp-json\/wp\/v2\/pages\/2463","targetHints":{"allow":["GET"]}}],"collection":[{"href":"https:\/\/www.familyvillasardinia.com\/de\/wp-json\/wp\/v2\/pages"}],"about":[{"href":"https:\/\/www.familyvillasardinia.com\/de\/wp-json\/wp\/v2\/types\/page"}],"author":[{"embeddable":true,"href":"https:\/\/www.familyvillasardinia.com\/de\/wp-json\/wp\/v2\/users\/1"}],"replies":[{"embeddable":true,"href":"https:\/\/www.familyvillasardinia.com\/de\/wp-json\/wp\/v2\/comments?post=2463"}],"version-history":[{"count":1,"href":"https:\/\/www.familyvillasardinia.com\/de\/wp-json\/wp\/v2\/pages\/2463\/revisions"}],"predecessor-version":[{"id":2498,"href":"https:\/\/www.familyvillasardinia.com\/de\/wp-json\/wp\/v2\/pages\/2463\/revisions\/2498"}],"wp:attachment":[{"href":"https:\/\/www.familyvillasardinia.com\/de\/wp-json\/wp\/v2\/media?parent=2463"}],"wp:term":[{"taxonomy":"categoria-pagina","embeddable":true,"href":"https:\/\/www.familyvillasardinia.com\/de\/wp-json\/wp\/v2\/categoria-pagina?post=2463"}],"curies":[{"name":"wp","href":"https:\/\/api.w.org\/{rel}","templated":true}]}}