{"id":2468,"date":"2024-10-23T08:25:50","date_gmt":"2024-10-23T06:25:50","guid":{"rendered":"https:\/\/demo.familyvillasardinia.com\/sardinien-entdecken\/"},"modified":"2024-11-29T11:01:38","modified_gmt":"2024-11-29T10:01:38","slug":"sardinien-entdecken","status":"publish","type":"page","link":"https:\/\/www.familyvillasardinia.com\/de\/sardinien-entdecken\/","title":{"rendered":"Sardinien entdecken"},"content":{"rendered":"<p>Sardinien ist ein Ort, der verzaubert und \u00fcberrascht, eine Insel, auf der das Meer das Land in einer harmonischen Umarmung aus unvergesslichen Farben und D\u00fcften trifft.<\/p>\n<p>Hier funkelt das Wasser in unz\u00e4hligen Schattierungen, von T\u00fcrkis bis Tiefblau, und die feinen Sandstr\u00e4nde gleichen goldenen Lichtteppichen.<br \/>\nJeder Winkel der Insel erz\u00e4hlt eine alte Geschichte, von Traditionen, die noch in den kleinen D\u00f6rfern lebendig sind, und von authentischen Aromen, die sich in jedem Gericht wiederfinden.<br \/>\nBeim Wandern durch die mediterrane Macchia, mit dem Duft von Wacholder und Myrte in der Luft, f\u00fchlt man sich verbunden mit einem Land, das zugleich wild und einladend ist.<br \/>\nSardinien ist mehr als nur ein Reiseziel: Es ist ein Erlebnis, das einen umh\u00fcllt und eine Erinnerung hinterl\u00e4sst, die f\u00fcr immer bleibt.<\/p>\n","protected":false},"excerpt":{"rendered":"<p>Sardinien ist ein Ort, der verzaubert und \u00fcberrascht, eine Insel, auf der das Meer das Land in einer harmonischen Umarmung aus unvergesslichen Farben und D\u00fcften trifft. Hier funkelt das Wasser in unz\u00e4hligen Schattierungen, von T\u00fcrkis bis Tiefblau, und die feinen Sandstr\u00e4nde gleichen goldenen Lichtteppichen. Jeder Winkel der Insel erz\u00e4hlt eine alte Geschichte, von Traditionen, die [&hellip;]<\/p>\n","protected":false},"author":1,"featured_media":1042,"parent":0,"menu_order":0,"comment_status":"closed","ping_status":"closed","template":"","meta":{"_acf_changed":false,"footnotes":""},"categoria-pagina":[],"class_list":["post-2468","page","type-page","status-publish","has-post-thumbnail","hentry"],"acf":[],"_links":{"self":[{"href":"https:\/\/www.familyvillasardinia.com\/de\/wp-json\/wp\/v2\/pages\/2468","targetHints":{"allow":["GET"]}}],"collection":[{"href":"https:\/\/www.familyvillasardinia.com\/de\/wp-json\/wp\/v2\/pages"}],"about":[{"href":"https:\/\/www.familyvillasardinia.com\/de\/wp-json\/wp\/v2\/types\/page"}],"author":[{"embeddable":true,"href":"https:\/\/www.familyvillasardinia.com\/de\/wp-json\/wp\/v2\/users\/1"}],"replies":[{"embeddable":true,"href":"https:\/\/www.familyvillasardinia.com\/de\/wp-json\/wp\/v2\/comments?post=2468"}],"version-history":[{"count":1,"href":"https:\/\/www.familyvillasardinia.com\/de\/wp-json\/wp\/v2\/pages\/2468\/revisions"}],"predecessor-version":[{"id":2508,"href":"https:\/\/www.familyvillasardinia.com\/de\/wp-json\/wp\/v2\/pages\/2468\/revisions\/2508"}],"wp:featuredmedia":[{"embeddable":true,"href":"https:\/\/www.familyvillasardinia.com\/de\/wp-json\/wp\/v2\/media\/1042"}],"wp:attachment":[{"href":"https:\/\/www.familyvillasardinia.com\/de\/wp-json\/wp\/v2\/media?parent=2468"}],"wp:term":[{"taxonomy":"categoria-pagina","embeddable":true,"href":"https:\/\/www.familyvillasardinia.com\/de\/wp-json\/wp\/v2\/categoria-pagina?post=2468"}],"curies":[{"name":"wp","href":"https:\/\/api.w.org\/{rel}","templated":true}]}}