{"id":2471,"date":"2024-10-22T12:48:27","date_gmt":"2024-10-22T10:48:27","guid":{"rendered":"https:\/\/demo.familyvillasardinia.com\/villen\/"},"modified":"2024-11-29T11:03:06","modified_gmt":"2024-11-29T10:03:06","slug":"villen","status":"publish","type":"page","link":"https:\/\/www.familyvillasardinia.com\/de\/villen\/","title":{"rendered":"Villen"},"content":{"rendered":"<p><span style=\"font-weight: 400;\">Jede Villa hat eine Geschichte zu erz\u00e4hlen, eine Geschichte, die mit Ihnen beginnt.<br \/>\nStellen Sie sich vor, jeden Morgen mit dem sanften Licht der Sonne aufzuwachen, das in Ihr Zimmer scheint, dem Klang der Wellen, der Sie beim Fr\u00fchst\u00fcck auf der Terrasse begleitet, und dem weiten sardischen Himmel, der Sie mit einer warmen Umarmung umgibt.<br \/>\nDas sind nicht nur Ferienh\u00e4user, sondern Ihr pers\u00f6nlicher R\u00fcckzugsort, gestaltet, um Ihnen intime R\u00e4ume und gemeinsame Momente mit den Menschen zu bieten, die Sie am meisten lieben.<br \/>\nDie Kinder k\u00f6nnen sicher erkunden, spielen und lachen, w\u00e4hrend Sie sich am Pool entspannen, fernab von Chaos und Hektik.    <\/span><\/p>\n","protected":false},"excerpt":{"rendered":"<p>Jede Villa hat eine Geschichte zu erz\u00e4hlen, eine Geschichte, die mit Ihnen beginnt. Stellen Sie sich vor, jeden Morgen mit dem sanften Licht der Sonne aufzuwachen, das in Ihr Zimmer scheint, dem Klang der Wellen, der Sie beim Fr\u00fchst\u00fcck auf der Terrasse begleitet, und dem weiten sardischen Himmel, der Sie mit einer warmen Umarmung umgibt. [&hellip;]<\/p>\n","protected":false},"author":1,"featured_media":1102,"parent":0,"menu_order":0,"comment_status":"closed","ping_status":"closed","template":"","meta":{"_acf_changed":false,"footnotes":""},"categoria-pagina":[],"class_list":["post-2471","page","type-page","status-publish","has-post-thumbnail","hentry"],"acf":[],"_links":{"self":[{"href":"https:\/\/www.familyvillasardinia.com\/de\/wp-json\/wp\/v2\/pages\/2471","targetHints":{"allow":["GET"]}}],"collection":[{"href":"https:\/\/www.familyvillasardinia.com\/de\/wp-json\/wp\/v2\/pages"}],"about":[{"href":"https:\/\/www.familyvillasardinia.com\/de\/wp-json\/wp\/v2\/types\/page"}],"author":[{"embeddable":true,"href":"https:\/\/www.familyvillasardinia.com\/de\/wp-json\/wp\/v2\/users\/1"}],"replies":[{"embeddable":true,"href":"https:\/\/www.familyvillasardinia.com\/de\/wp-json\/wp\/v2\/comments?post=2471"}],"version-history":[{"count":1,"href":"https:\/\/www.familyvillasardinia.com\/de\/wp-json\/wp\/v2\/pages\/2471\/revisions"}],"predecessor-version":[{"id":2510,"href":"https:\/\/www.familyvillasardinia.com\/de\/wp-json\/wp\/v2\/pages\/2471\/revisions\/2510"}],"wp:featuredmedia":[{"embeddable":true,"href":"https:\/\/www.familyvillasardinia.com\/de\/wp-json\/wp\/v2\/media\/1102"}],"wp:attachment":[{"href":"https:\/\/www.familyvillasardinia.com\/de\/wp-json\/wp\/v2\/media?parent=2471"}],"wp:term":[{"taxonomy":"categoria-pagina","embeddable":true,"href":"https:\/\/www.familyvillasardinia.com\/de\/wp-json\/wp\/v2\/categoria-pagina?post=2471"}],"curies":[{"name":"wp","href":"https:\/\/api.w.org\/{rel}","templated":true}]}}