{"id":2489,"date":"2024-10-21T11:24:48","date_gmt":"2024-10-21T09:24:48","guid":{"rendered":"https:\/\/www.familyvillasardinia.com\/erlebnisse\/"},"modified":"2024-10-21T11:24:48","modified_gmt":"2024-10-21T09:24:48","slug":"erlebnisse","status":"publish","type":"page","link":"https:\/\/www.familyvillasardinia.com\/de\/erlebnisse\/","title":{"rendered":"Erlebnisse"},"content":{"rendered":"<p>Jede <strong>Villa auf Sardinien<\/strong> hat eine einzigartige Geschichte zu erz\u00e4hlen, eine Geschichte, die mit Ihrer Ankunft beginnt.<br \/>\nStellen Sie sich vor, Sie wachen jeden Morgen mit dem Licht der sardischen Sonne auf, die sanft in Ihr Zimmer f\u00e4llt, begleitet vom Rauschen der Wellen, w\u00e4hrend Sie Ihr Fr\u00fchst\u00fcck auf der Terrasse genie\u00dfen. Diese Villen sind nicht einfach nur<strong> Ferienh\u00e4user auf Sardinien<\/strong>, sondern Ihr pers\u00f6nliches Refugium, das Ihnen intime R\u00e4ume und unvergessliche Momente mit Ihren Liebsten bieten soll.<\/p>\n<p>Unsere Villen sind ideal f\u00fcr Familien: Die Kinder k\u00f6nnen in aller Sicherheit auf Entdeckungstour gehen und spielen, w\u00e4hrend Sie sich an Ihrem <strong>privaten Pool in einer Villa auf Sardinien<\/strong> entspannen, weit weg von der Hektik des Alltags. Hier, umgeben von der Natur und der Sch\u00f6nheit der Insel, finden Sie den perfekten Ort, um einen ruhigen und komfortablen Urlaub auf Sardinien zu genie\u00dfen.<\/p>\n<p>Diese Villen an <strong>der Costa Smeralda<\/strong> sind nicht nur eine Unterkunft, sondern ein Raum, der Sie dazu einl\u00e4dt, einzigartige und authentische Erinnerungen zu schaffen, inmitten der Sch\u00f6nheit und Gelassenheit Sardiniens.<\/p>\n","protected":false},"excerpt":{"rendered":"<p>Jede Villa auf Sardinien hat eine einzigartige Geschichte zu erz\u00e4hlen, eine Geschichte, die mit Ihrer Ankunft beginnt. Stellen Sie sich vor, Sie wachen jeden Morgen mit dem Licht der sardischen Sonne auf, die sanft in Ihr Zimmer f\u00e4llt, begleitet vom Rauschen der Wellen, w\u00e4hrend Sie Ihr Fr\u00fchst\u00fcck auf der Terrasse genie\u00dfen. Diese Villen sind nicht [&hellip;]<\/p>\n","protected":false},"author":1,"featured_media":1058,"parent":0,"menu_order":0,"comment_status":"closed","ping_status":"closed","template":"","meta":{"_acf_changed":false,"footnotes":""},"categoria-pagina":[],"class_list":["post-2489","page","type-page","status-publish","has-post-thumbnail","hentry"],"acf":[],"_links":{"self":[{"href":"https:\/\/www.familyvillasardinia.com\/de\/wp-json\/wp\/v2\/pages\/2489","targetHints":{"allow":["GET"]}}],"collection":[{"href":"https:\/\/www.familyvillasardinia.com\/de\/wp-json\/wp\/v2\/pages"}],"about":[{"href":"https:\/\/www.familyvillasardinia.com\/de\/wp-json\/wp\/v2\/types\/page"}],"author":[{"embeddable":true,"href":"https:\/\/www.familyvillasardinia.com\/de\/wp-json\/wp\/v2\/users\/1"}],"replies":[{"embeddable":true,"href":"https:\/\/www.familyvillasardinia.com\/de\/wp-json\/wp\/v2\/comments?post=2489"}],"version-history":[{"count":0,"href":"https:\/\/www.familyvillasardinia.com\/de\/wp-json\/wp\/v2\/pages\/2489\/revisions"}],"wp:featuredmedia":[{"embeddable":true,"href":"https:\/\/www.familyvillasardinia.com\/de\/wp-json\/wp\/v2\/media\/1058"}],"wp:attachment":[{"href":"https:\/\/www.familyvillasardinia.com\/de\/wp-json\/wp\/v2\/media?parent=2489"}],"wp:term":[{"taxonomy":"categoria-pagina","embeddable":true,"href":"https:\/\/www.familyvillasardinia.com\/de\/wp-json\/wp\/v2\/categoria-pagina?post=2489"}],"curies":[{"name":"wp","href":"https:\/\/api.w.org\/{rel}","templated":true}]}}