{"id":2514,"date":"2024-10-18T10:22:46","date_gmt":"2024-10-18T08:22:46","guid":{"rendered":"https:\/\/www.familyvillasardinia.com\/dienstleistungen\/"},"modified":"2024-10-18T10:22:46","modified_gmt":"2024-10-18T08:22:46","slug":"dienstleistungen","status":"publish","type":"page","link":"https:\/\/www.familyvillasardinia.com\/de\/dienstleistungen\/","title":{"rendered":"Dienstleistungen"},"content":{"rendered":"<p>Stellen Sie sich vor, Sie kommen in Ihrer Villa an und werden mit kleinen Gesten begr\u00fc\u00dft, die daf\u00fcr sorgen, dass Sie sich sofort wie zu Hause f\u00fchlen.<br \/>\nUnser Willkommenspaket ist ein Willkommensgeschenk, das die W\u00e4rme der sardischen Gastfreundschaft verk\u00f6rpert: eine frische Flasche Wasser, Spaghetti und Tomatenso\u00dfe f\u00fcr ein einfaches, aber authentisches Abendessen, Fruchtsaft und Kekse, ideal f\u00fcr einen Snack.<\/p>\n<p>Im Badezimmer finden Sie ein komplettes Set, um sich nach einer langen Reise zu verw\u00f6hnen, mit allem, was Sie brauchen, um Ihren Urlaub auf die bestm\u00f6gliche Weise zu beginnen.<br \/>\nUnd damit Sie jeden Moment unbeschwert genie\u00dfen k\u00f6nnen, steht das Reinigungsset f\u00fcr Sie bereit: Tabs f\u00fcr die Waschmaschine und den Geschirrsp\u00fcler, Reinigungsmittel und alles, was Sie brauchen, um Ihr Zuhause makellos zu halten.<\/p>\n<p>Au\u00dferdem haben wir einen praktischen M\u00fcllabfuhrservice organisiert, damit Sie sich ganz unbesorgt Ihrem Urlaub widmen k\u00f6nnen.<\/p>\n<p>&nbsp;<\/p>\n<h3>In allen Villen finden Sie<\/h3>\n","protected":false},"excerpt":{"rendered":"<p>Stellen Sie sich vor, Sie kommen in Ihrer Villa an und werden mit kleinen Gesten begr\u00fc\u00dft, die daf\u00fcr sorgen, dass Sie sich sofort wie zu Hause f\u00fchlen. Unser Willkommenspaket ist ein Willkommensgeschenk, das die W\u00e4rme der sardischen Gastfreundschaft verk\u00f6rpert: eine frische Flasche Wasser, Spaghetti und Tomatenso\u00dfe f\u00fcr ein einfaches, aber authentisches Abendessen, Fruchtsaft und Kekse, [&hellip;]<\/p>\n","protected":false},"author":1,"featured_media":2172,"parent":0,"menu_order":0,"comment_status":"closed","ping_status":"closed","template":"","meta":{"_acf_changed":false,"footnotes":""},"categoria-pagina":[],"class_list":["post-2514","page","type-page","status-publish","has-post-thumbnail","hentry"],"acf":[],"_links":{"self":[{"href":"https:\/\/www.familyvillasardinia.com\/de\/wp-json\/wp\/v2\/pages\/2514","targetHints":{"allow":["GET"]}}],"collection":[{"href":"https:\/\/www.familyvillasardinia.com\/de\/wp-json\/wp\/v2\/pages"}],"about":[{"href":"https:\/\/www.familyvillasardinia.com\/de\/wp-json\/wp\/v2\/types\/page"}],"author":[{"embeddable":true,"href":"https:\/\/www.familyvillasardinia.com\/de\/wp-json\/wp\/v2\/users\/1"}],"replies":[{"embeddable":true,"href":"https:\/\/www.familyvillasardinia.com\/de\/wp-json\/wp\/v2\/comments?post=2514"}],"version-history":[{"count":0,"href":"https:\/\/www.familyvillasardinia.com\/de\/wp-json\/wp\/v2\/pages\/2514\/revisions"}],"wp:featuredmedia":[{"embeddable":true,"href":"https:\/\/www.familyvillasardinia.com\/de\/wp-json\/wp\/v2\/media\/2172"}],"wp:attachment":[{"href":"https:\/\/www.familyvillasardinia.com\/de\/wp-json\/wp\/v2\/media?parent=2514"}],"wp:term":[{"taxonomy":"categoria-pagina","embeddable":true,"href":"https:\/\/www.familyvillasardinia.com\/de\/wp-json\/wp\/v2\/categoria-pagina?post=2514"}],"curies":[{"name":"wp","href":"https:\/\/api.w.org\/{rel}","templated":true}]}}