{"id":2576,"date":"2024-11-20T09:05:12","date_gmt":"2024-11-20T08:05:12","guid":{"rendered":"https:\/\/www.familyvillasardinia.com\/?page_id=2576"},"modified":"2024-12-20T09:22:43","modified_gmt":"2024-12-20T08:22:43","slug":"boot-und-schlauchboot","status":"publish","type":"page","link":"https:\/\/www.familyvillasardinia.com\/de\/boot-und-schlauchboot\/","title":{"rendered":"Boot und Schlauchboot"},"content":{"rendered":"<p><strong>Sardinia Boat Charter<\/strong> &#8211; der Ausgangspunkt f\u00fcr unvergessliche Abenteuer in den kristallklaren Gew\u00e4ssern Sardiniens.<br \/>\nMit unseren sorgf\u00e4ltig ausgew\u00e4hlten Bootstouren und -charter bieten wir eine einzigartige Gelegenheit, die au\u00dfergew\u00f6hnliche K\u00fcstenlinie, versteckte Buchten und unber\u00fchrte Str\u00e4nde dieses Mittelmeerparadieses zu erkunden.<br \/>\nGanz gleich, ob Sie einen entspannten Tag auf dem Meer, ein privates Bootserlebnis oder einen aufregenden Bootsausflug suchen, unser professionelles Team ist stets bem\u00fcht, Ihnen magische Momente zu bescheren.<br \/>\nEntdecken Sie die Sch\u00f6nheit und Freiheit Sardiniens wie nie zuvor mit Sardinia Boat Charter.<br \/>\nIhr Abenteuer beginnt hier.<\/p>\n","protected":false},"excerpt":{"rendered":"<p>Sardinia Boat Charter &#8211; der Ausgangspunkt f\u00fcr unvergessliche Abenteuer in den kristallklaren Gew\u00e4ssern Sardiniens. Mit unseren sorgf\u00e4ltig ausgew\u00e4hlten Bootstouren und -charter bieten wir eine einzigartige Gelegenheit, die au\u00dfergew\u00f6hnliche K\u00fcstenlinie, versteckte Buchten und unber\u00fchrte Str\u00e4nde dieses Mittelmeerparadieses zu erkunden. Ganz gleich, ob Sie einen entspannten Tag auf dem Meer, ein privates Bootserlebnis oder einen aufregenden Bootsausflug [&hellip;]<\/p>\n","protected":false},"author":3,"featured_media":1038,"parent":0,"menu_order":0,"comment_status":"closed","ping_status":"closed","template":"","meta":{"_acf_changed":false,"footnotes":""},"categoria-pagina":[22],"class_list":["post-2576","page","type-page","status-publish","has-post-thumbnail","hentry","categoria-pagina-daily-trips"],"acf":[],"_links":{"self":[{"href":"https:\/\/www.familyvillasardinia.com\/de\/wp-json\/wp\/v2\/pages\/2576","targetHints":{"allow":["GET"]}}],"collection":[{"href":"https:\/\/www.familyvillasardinia.com\/de\/wp-json\/wp\/v2\/pages"}],"about":[{"href":"https:\/\/www.familyvillasardinia.com\/de\/wp-json\/wp\/v2\/types\/page"}],"author":[{"embeddable":true,"href":"https:\/\/www.familyvillasardinia.com\/de\/wp-json\/wp\/v2\/users\/3"}],"replies":[{"embeddable":true,"href":"https:\/\/www.familyvillasardinia.com\/de\/wp-json\/wp\/v2\/comments?post=2576"}],"version-history":[{"count":1,"href":"https:\/\/www.familyvillasardinia.com\/de\/wp-json\/wp\/v2\/pages\/2576\/revisions"}],"predecessor-version":[{"id":2696,"href":"https:\/\/www.familyvillasardinia.com\/de\/wp-json\/wp\/v2\/pages\/2576\/revisions\/2696"}],"wp:featuredmedia":[{"embeddable":true,"href":"https:\/\/www.familyvillasardinia.com\/de\/wp-json\/wp\/v2\/media\/1038"}],"wp:attachment":[{"href":"https:\/\/www.familyvillasardinia.com\/de\/wp-json\/wp\/v2\/media?parent=2576"}],"wp:term":[{"taxonomy":"categoria-pagina","embeddable":true,"href":"https:\/\/www.familyvillasardinia.com\/de\/wp-json\/wp\/v2\/categoria-pagina?post=2576"}],"curies":[{"name":"wp","href":"https:\/\/api.w.org\/{rel}","templated":true}]}}