{"id":2454,"date":"2024-10-23T08:24:32","date_gmt":"2024-10-23T06:24:32","guid":{"rendered":"https:\/\/demo.familyvillasardinia.com\/costa-smeralda\/"},"modified":"2024-10-23T08:24:32","modified_gmt":"2024-10-23T06:24:32","slug":"costa-smeralda","status":"publish","type":"page","link":"https:\/\/www.familyvillasardinia.com\/fr\/costa-smeralda\/","title":{"rendered":"Costa Smeralda"},"content":{"rendered":"<p>La <strong>Costa Smeralda<\/strong> est une destination d&rsquo;une beaut\u00e9 extraordinaire, un littoral <strong>sarde<\/strong> qui sort tout droit d&rsquo;une carte postale et dont chaque recoin cache des merveilles \u00e0 d\u00e9couvrir. Ici, les plages de sable fin se m\u00ealent \u00e0 la <strong>mer cristalline de Sardaigne<\/strong> et \u00e0 une nature sauvage qui enveloppe chaque visiteur. D\u00e9couvrir la Costa Smeralda, c&rsquo;est se laisser s\u00e9duire par des lieux uniques, chacun avec son charme et son caract\u00e8re.<\/p>\n<p><strong>Porto Cervo<\/strong>, le c\u0153ur battant de la Costa Smeralda, est synonyme d&rsquo;\u00e9l\u00e9gance et de luxe. Ce lieu exclusif est c\u00e9l\u00e8bre pour ses yachts \u00e9tincelants, ses boutiques de haute couture et ses restaurants de luxe, offrant un panorama de r\u00eave qui attire des visiteurs du monde entier.<\/p>\n<p>\u00c0 quelques kilom\u00e8tres de l\u00e0, <strong>Baja Sardinia<\/strong> se pr\u00e9sente comme une oasis de paix et de beaut\u00e9. Sa c\u00e9l\u00e8bre <strong>Cala Battistoni<\/strong>, avec son sable blanc et ses eaux turquoise, est l&rsquo;endroit id\u00e9al pour ceux qui souhaitent passer des vacances reposantes sur la Costa Smeralda.<\/p>\n<p><strong>Cannigione<\/strong> est un village c\u00f4tier id\u00e9al pour ceux qui recherchent l&rsquo;authenticit\u00e9 et la d\u00e9tente. La plage dor\u00e9e et les eaux claires invitent \u00e0 de longues journ\u00e9es sous le soleil, tandis que la marina est le point de d\u00e9part id\u00e9al pour des excursions vers les \u00eeles voisines.<\/p>\n<p>Plus \u00e0 l&rsquo;int\u00e9rieur des terres, <strong>San Pantaleo<\/strong> est un joyau cach\u00e9 dans les montagnes de granit. Ce village pittoresque est c\u00e9l\u00e8bre pour son march\u00e9 hebdomadaire, o\u00f9 artistes et artisans exposent des cr\u00e9ations uniques, et ses ruelles \u00e9troites en pierre qui capturent l&rsquo;essence authentique de la <strong>Sardaigne<\/strong>.<\/p>\n<p><strong>Palau<\/strong> se distingue par sa nature sauvage et ses formations rocheuses spectaculaires. C\u00e9l\u00e8bre pour le <strong>Bear Rock<\/strong>, une imposante sculpture naturelle fa\u00e7onn\u00e9e par le vent, Palau offre des vues \u00e0 couper le souffle et des plages cristallines. C&rsquo;est \u00e9galement de l\u00e0 que partent les excursions vers l&rsquo;<strong>archipel de La Maddalena<\/strong>, offrant un voyage inoubliable parmi les plus belles \u00eeles de la Sardaigne.<\/p>\n<p>La Costa Smeralda n&rsquo;est pas seulement une destination : c&rsquo;est un voyage \u00e0 travers les lieux les plus fascinants de la Sardaigne, une invitation \u00e0 d\u00e9couvrir la nature intacte, la culture et la beaut\u00e9 intemporelle de cette \u00eele unique.<\/p>\n","protected":false},"excerpt":{"rendered":"<p>La Costa Smeralda est une destination d&rsquo;une beaut\u00e9 extraordinaire, un littoral sarde qui sort tout droit d&rsquo;une carte postale et dont chaque recoin cache des merveilles \u00e0 d\u00e9couvrir. Ici, les plages de sable fin se m\u00ealent \u00e0 la mer cristalline de Sardaigne et \u00e0 une nature sauvage qui enveloppe chaque visiteur. D\u00e9couvrir la Costa Smeralda, [&hellip;]<\/p>\n","protected":false},"author":1,"featured_media":848,"parent":0,"menu_order":0,"comment_status":"closed","ping_status":"closed","template":"","meta":{"_acf_changed":false,"footnotes":""},"categoria-pagina":[],"class_list":["post-2454","page","type-page","status-publish","has-post-thumbnail","hentry"],"acf":[],"_links":{"self":[{"href":"https:\/\/www.familyvillasardinia.com\/fr\/wp-json\/wp\/v2\/pages\/2454","targetHints":{"allow":["GET"]}}],"collection":[{"href":"https:\/\/www.familyvillasardinia.com\/fr\/wp-json\/wp\/v2\/pages"}],"about":[{"href":"https:\/\/www.familyvillasardinia.com\/fr\/wp-json\/wp\/v2\/types\/page"}],"author":[{"embeddable":true,"href":"https:\/\/www.familyvillasardinia.com\/fr\/wp-json\/wp\/v2\/users\/1"}],"replies":[{"embeddable":true,"href":"https:\/\/www.familyvillasardinia.com\/fr\/wp-json\/wp\/v2\/comments?post=2454"}],"version-history":[{"count":0,"href":"https:\/\/www.familyvillasardinia.com\/fr\/wp-json\/wp\/v2\/pages\/2454\/revisions"}],"wp:featuredmedia":[{"embeddable":true,"href":"https:\/\/www.familyvillasardinia.com\/fr\/wp-json\/wp\/v2\/media\/848"}],"wp:attachment":[{"href":"https:\/\/www.familyvillasardinia.com\/fr\/wp-json\/wp\/v2\/media?parent=2454"}],"wp:term":[{"taxonomy":"categoria-pagina","embeddable":true,"href":"https:\/\/www.familyvillasardinia.com\/fr\/wp-json\/wp\/v2\/categoria-pagina?post=2454"}],"curies":[{"name":"wp","href":"https:\/\/api.w.org\/{rel}","templated":true}]}}