{"id":2467,"date":"2024-10-23T08:25:50","date_gmt":"2024-10-23T06:25:50","guid":{"rendered":"https:\/\/demo.familyvillasardinia.com\/sardaigne-a-decouvrir\/"},"modified":"2024-11-29T10:57:30","modified_gmt":"2024-11-29T09:57:30","slug":"sardaigne-a-decouvrir","status":"publish","type":"page","link":"https:\/\/www.familyvillasardinia.com\/fr\/sardaigne-a-decouvrir\/","title":{"rendered":"Sardaigne \u00e0 D\u00e9couvrir"},"content":{"rendered":"<p>La Sardaigne est un lieu qui enchante et surprend, une \u00eele o\u00f9 la mer rencontre la terre dans une \u00e9treinte harmonieuse de couleurs et de parfums inoubliables.<\/p>\n<p>Ici, les eaux brillent de mille nuances, du turquoise au bleu profond, et les plages de sable fin ressemblent \u00e0 des \u00e9tendues de lumi\u00e8re dor\u00e9e.<br \/>\nChaque recoin de l\u2019\u00eele raconte une histoire ancienne, des traditions qui vivent encore dans les petits villages, des saveurs authentiques que l\u2019on retrouve dans chaque plat.<br \/>\nEn marchant dans le maquis m\u00e9diterran\u00e9en, avec l\u2019ar\u00f4me du gen\u00e9vrier et du myrte dans l\u2019air, on se sent connect\u00e9 \u00e0 une terre \u00e0 la fois sauvage et accueillante.<br \/>\nLa Sardaigne est bien plus qu\u2019une destination : c\u2019est une exp\u00e9rience qui vous enveloppe et vous laisse un souvenir imp\u00e9rissable.<\/p>\n","protected":false},"excerpt":{"rendered":"<p>La Sardaigne est un lieu qui enchante et surprend, une \u00eele o\u00f9 la mer rencontre la terre dans une \u00e9treinte harmonieuse de couleurs et de parfums inoubliables. Ici, les eaux brillent de mille nuances, du turquoise au bleu profond, et les plages de sable fin ressemblent \u00e0 des \u00e9tendues de lumi\u00e8re dor\u00e9e. Chaque recoin de [&hellip;]<\/p>\n","protected":false},"author":1,"featured_media":1041,"parent":0,"menu_order":0,"comment_status":"closed","ping_status":"closed","template":"","meta":{"_acf_changed":false,"footnotes":""},"categoria-pagina":[],"class_list":["post-2467","page","type-page","status-publish","has-post-thumbnail","hentry"],"acf":[],"_links":{"self":[{"href":"https:\/\/www.familyvillasardinia.com\/fr\/wp-json\/wp\/v2\/pages\/2467","targetHints":{"allow":["GET"]}}],"collection":[{"href":"https:\/\/www.familyvillasardinia.com\/fr\/wp-json\/wp\/v2\/pages"}],"about":[{"href":"https:\/\/www.familyvillasardinia.com\/fr\/wp-json\/wp\/v2\/types\/page"}],"author":[{"embeddable":true,"href":"https:\/\/www.familyvillasardinia.com\/fr\/wp-json\/wp\/v2\/users\/1"}],"replies":[{"embeddable":true,"href":"https:\/\/www.familyvillasardinia.com\/fr\/wp-json\/wp\/v2\/comments?post=2467"}],"version-history":[{"count":1,"href":"https:\/\/www.familyvillasardinia.com\/fr\/wp-json\/wp\/v2\/pages\/2467\/revisions"}],"predecessor-version":[{"id":2507,"href":"https:\/\/www.familyvillasardinia.com\/fr\/wp-json\/wp\/v2\/pages\/2467\/revisions\/2507"}],"wp:featuredmedia":[{"embeddable":true,"href":"https:\/\/www.familyvillasardinia.com\/fr\/wp-json\/wp\/v2\/media\/1041"}],"wp:attachment":[{"href":"https:\/\/www.familyvillasardinia.com\/fr\/wp-json\/wp\/v2\/media?parent=2467"}],"wp:term":[{"taxonomy":"categoria-pagina","embeddable":true,"href":"https:\/\/www.familyvillasardinia.com\/fr\/wp-json\/wp\/v2\/categoria-pagina?post=2467"}],"curies":[{"name":"wp","href":"https:\/\/api.w.org\/{rel}","templated":true}]}}