{"id":2470,"date":"2024-10-22T12:48:27","date_gmt":"2024-10-22T10:48:27","guid":{"rendered":"https:\/\/demo.familyvillasardinia.com\/villas\/"},"modified":"2024-12-16T11:00:22","modified_gmt":"2024-12-16T10:00:22","slug":"villas","status":"publish","type":"page","link":"https:\/\/www.familyvillasardinia.com\/fr\/villas\/","title":{"rendered":"Villas"},"content":{"rendered":"<p><span style=\"font-weight: 400;\">Chaque villa a une histoire \u00e0 raconter, une histoire qui commence avec vous. Imaginez vous r\u00e9veiller chaque matin avec la lumi\u00e8re du soleil qui p\u00e9n\u00e8tre doucement dans votre chambre, le son des vagues qui accompagne votre petit-d\u00e9jeuner sur la terrasse, et l&rsquo;immensit\u00e9 du ciel sarde qui vous enveloppe d&rsquo;une \u00e9treinte chaleureuse. Ce ne sont pas de simples maisons de vacances, mais votre refuge personnel, con\u00e7u pour offrir des espaces intimes et des moments partag\u00e9s avec ceux que vous aimez le plus. es enfants peuvent explorer, jouer et rire en toute s\u00e9curit\u00e9, tandis que vous vous d\u00e9tendez au bord de la piscine, loin du chaos et de l\u2019agitation quotidienne. <\/span><\/p>\n","protected":false},"excerpt":{"rendered":"<p>Chaque villa a une histoire \u00e0 raconter, une histoire qui commence avec vous. Imaginez vous r\u00e9veiller chaque matin avec la lumi\u00e8re du soleil qui p\u00e9n\u00e8tre doucement dans votre chambre, le son des vagues qui accompagne votre petit-d\u00e9jeuner sur la terrasse, et l&rsquo;immensit\u00e9 du ciel sarde qui vous enveloppe d&rsquo;une \u00e9treinte chaleureuse. Ce ne sont pas [&hellip;]<\/p>\n","protected":false},"author":1,"featured_media":1101,"parent":0,"menu_order":0,"comment_status":"closed","ping_status":"closed","template":"","meta":{"_acf_changed":false,"footnotes":""},"categoria-pagina":[],"class_list":["post-2470","page","type-page","status-publish","has-post-thumbnail","hentry"],"acf":[],"_links":{"self":[{"href":"https:\/\/www.familyvillasardinia.com\/fr\/wp-json\/wp\/v2\/pages\/2470","targetHints":{"allow":["GET"]}}],"collection":[{"href":"https:\/\/www.familyvillasardinia.com\/fr\/wp-json\/wp\/v2\/pages"}],"about":[{"href":"https:\/\/www.familyvillasardinia.com\/fr\/wp-json\/wp\/v2\/types\/page"}],"author":[{"embeddable":true,"href":"https:\/\/www.familyvillasardinia.com\/fr\/wp-json\/wp\/v2\/users\/1"}],"replies":[{"embeddable":true,"href":"https:\/\/www.familyvillasardinia.com\/fr\/wp-json\/wp\/v2\/comments?post=2470"}],"version-history":[{"count":1,"href":"https:\/\/www.familyvillasardinia.com\/fr\/wp-json\/wp\/v2\/pages\/2470\/revisions"}],"predecessor-version":[{"id":2511,"href":"https:\/\/www.familyvillasardinia.com\/fr\/wp-json\/wp\/v2\/pages\/2470\/revisions\/2511"}],"wp:featuredmedia":[{"embeddable":true,"href":"https:\/\/www.familyvillasardinia.com\/fr\/wp-json\/wp\/v2\/media\/1101"}],"wp:attachment":[{"href":"https:\/\/www.familyvillasardinia.com\/fr\/wp-json\/wp\/v2\/media?parent=2470"}],"wp:term":[{"taxonomy":"categoria-pagina","embeddable":true,"href":"https:\/\/www.familyvillasardinia.com\/fr\/wp-json\/wp\/v2\/categoria-pagina?post=2470"}],"curies":[{"name":"wp","href":"https:\/\/api.w.org\/{rel}","templated":true}]}}