{"id":2488,"date":"2024-10-21T11:24:48","date_gmt":"2024-10-21T09:24:48","guid":{"rendered":"https:\/\/www.familyvillasardinia.com\/esperienze\/"},"modified":"2024-12-16T10:56:49","modified_gmt":"2024-12-16T09:56:49","slug":"esperienze","status":"publish","type":"page","link":"https:\/\/www.familyvillasardinia.com\/fr\/esperienze\/","title":{"rendered":"Exp\u00e9rience"},"content":{"rendered":"<p>Chaque <strong>villa en Sardaigne <\/strong>a une histoire unique \u00e0 raconter, une histoire qui commence avec votre arriv\u00e9e.<br \/>\nImaginez que vous vous r\u00e9veillez chaque matin avec la lumi\u00e8re du soleil sarde p\u00e9n\u00e9trant doucement dans votre chambre, accompagn\u00e9 par le bruit des vagues pendant que vous prenez votre petit-d\u00e9jeuner sur la terrasse.<br \/>Ce ne sont pas de simples<strong> maisons de vacances en Sardaigne<\/strong>, mais votre refuge personnel, con\u00e7u pour vous offrir des espaces intimes et des moments inoubliables avec ceux que vous aimez le plus.<br \/>Nos villas sont id\u00e9ales pour les familles : les enfants peuvent explorer et jouer en toute s\u00e9curit\u00e9 pendant que vous vous d\u00e9tendez au bord de votre villa <strong>avec piscine priv\u00e9e en Sardaign<\/strong>e, loin de l&rsquo;agitation de la vie quotidienne. <\/p>\n<p> Ici, entour\u00e9s par la nature et la beaut\u00e9 de l&rsquo;\u00eele, vous trouverez l&rsquo;endroit id\u00e9al pour passer des vacances tranquilles et confortables en Sardaigne.<\/p>\n<p>Ces villas de l<strong>a Costa Smeralda<\/strong> ne sont pas seulement un lieu de s\u00e9jour, mais un espace qui vous invite \u00e0 cr\u00e9er des souvenirs uniques et authentiques, immerg\u00e9s dans la beaut\u00e9 et la s\u00e9r\u00e9nit\u00e9 de la Sardaigne.<\/p>\n","protected":false},"excerpt":{"rendered":"<p>Chaque villa en Sardaigne a une histoire unique \u00e0 raconter, une histoire qui commence avec votre arriv\u00e9e. Imaginez que vous vous r\u00e9veillez chaque matin avec la lumi\u00e8re du soleil sarde p\u00e9n\u00e9trant doucement dans votre chambre, accompagn\u00e9 par le bruit des vagues pendant que vous prenez votre petit-d\u00e9jeuner sur la terrasse.Ce ne sont pas de simples [&hellip;]<\/p>\n","protected":false},"author":1,"featured_media":1057,"parent":0,"menu_order":0,"comment_status":"closed","ping_status":"closed","template":"","meta":{"_acf_changed":false,"footnotes":""},"categoria-pagina":[],"class_list":["post-2488","page","type-page","status-publish","has-post-thumbnail","hentry"],"acf":[],"_links":{"self":[{"href":"https:\/\/www.familyvillasardinia.com\/fr\/wp-json\/wp\/v2\/pages\/2488","targetHints":{"allow":["GET"]}}],"collection":[{"href":"https:\/\/www.familyvillasardinia.com\/fr\/wp-json\/wp\/v2\/pages"}],"about":[{"href":"https:\/\/www.familyvillasardinia.com\/fr\/wp-json\/wp\/v2\/types\/page"}],"author":[{"embeddable":true,"href":"https:\/\/www.familyvillasardinia.com\/fr\/wp-json\/wp\/v2\/users\/1"}],"replies":[{"embeddable":true,"href":"https:\/\/www.familyvillasardinia.com\/fr\/wp-json\/wp\/v2\/comments?post=2488"}],"version-history":[{"count":1,"href":"https:\/\/www.familyvillasardinia.com\/fr\/wp-json\/wp\/v2\/pages\/2488\/revisions"}],"predecessor-version":[{"id":2563,"href":"https:\/\/www.familyvillasardinia.com\/fr\/wp-json\/wp\/v2\/pages\/2488\/revisions\/2563"}],"wp:featuredmedia":[{"embeddable":true,"href":"https:\/\/www.familyvillasardinia.com\/fr\/wp-json\/wp\/v2\/media\/1057"}],"wp:attachment":[{"href":"https:\/\/www.familyvillasardinia.com\/fr\/wp-json\/wp\/v2\/media?parent=2488"}],"wp:term":[{"taxonomy":"categoria-pagina","embeddable":true,"href":"https:\/\/www.familyvillasardinia.com\/fr\/wp-json\/wp\/v2\/categoria-pagina?post=2488"}],"curies":[{"name":"wp","href":"https:\/\/api.w.org\/{rel}","templated":true}]}}