{"id":2494,"date":"2024-09-19T14:45:24","date_gmt":"2024-09-19T12:45:24","guid":{"rendered":"https:\/\/www.familyvillasardinia.com\/home-v2\/"},"modified":"2024-11-29T10:47:14","modified_gmt":"2024-11-29T09:47:14","slug":"home-v2","status":"publish","type":"page","link":"https:\/\/www.familyvillasardinia.com\/fr\/","title":{"rendered":"Feeling like home"},"content":{"rendered":"<p>Imaginez un lieu o\u00f9 le temps ralentit et o\u00f9 chaque instant devient un souvenir pr\u00e9cieux.<br \/>\nIci, au c\u0153ur de la Sardaigne, vos journ\u00e9es commencent par une brise l\u00e9g\u00e8re qui apporte avec elle le parfum de la mer et de la nature sauvage. Les villas exclusives qui vous accueillent ne sont pas seulement un refuge, mais une extension de votre maison, o\u00f9 le confort rencontre la beaut\u00e9 \u00e0 couper le souffle de la Costa Smeralda.<br \/>\nParcourez les images et les r\u00e9cits, laissez-vous inspirer par les exp\u00e9riences qui vous attendent : excursions en bateau, aventures en kitesurf, plages dor\u00e9es o\u00f9 vos enfants pourront courir librement et joyeusement.<br \/>\nC&rsquo;est votre coin de paradis, un endroit o\u00f9 chaque d\u00e9tail est con\u00e7u pour que vous puissiez vivre les vacances dont vous avez toujours r\u00eav\u00e9, en toute s\u00e9r\u00e9nit\u00e9 et en toute intimit\u00e9.<\/p>\n","protected":false},"excerpt":{"rendered":"<p>Imaginez un lieu o\u00f9 le temps ralentit et o\u00f9 chaque instant devient un souvenir pr\u00e9cieux. Ici, au c\u0153ur de la Sardaigne, vos journ\u00e9es commencent par une brise l\u00e9g\u00e8re qui apporte avec elle le parfum de la mer et de la nature sauvage. Les villas exclusives qui vous accueillent ne sont pas seulement un refuge, mais [&hellip;]<\/p>\n","protected":false},"author":1,"featured_media":0,"parent":0,"menu_order":0,"comment_status":"closed","ping_status":"closed","template":"","meta":{"_acf_changed":false,"footnotes":""},"categoria-pagina":[],"class_list":["post-2494","page","type-page","status-publish","hentry"],"acf":[],"_links":{"self":[{"href":"https:\/\/www.familyvillasardinia.com\/fr\/wp-json\/wp\/v2\/pages\/2494","targetHints":{"allow":["GET"]}}],"collection":[{"href":"https:\/\/www.familyvillasardinia.com\/fr\/wp-json\/wp\/v2\/pages"}],"about":[{"href":"https:\/\/www.familyvillasardinia.com\/fr\/wp-json\/wp\/v2\/types\/page"}],"author":[{"embeddable":true,"href":"https:\/\/www.familyvillasardinia.com\/fr\/wp-json\/wp\/v2\/users\/1"}],"replies":[{"embeddable":true,"href":"https:\/\/www.familyvillasardinia.com\/fr\/wp-json\/wp\/v2\/comments?post=2494"}],"version-history":[{"count":3,"href":"https:\/\/www.familyvillasardinia.com\/fr\/wp-json\/wp\/v2\/pages\/2494\/revisions"}],"predecessor-version":[{"id":2497,"href":"https:\/\/www.familyvillasardinia.com\/fr\/wp-json\/wp\/v2\/pages\/2494\/revisions\/2497"}],"wp:attachment":[{"href":"https:\/\/www.familyvillasardinia.com\/fr\/wp-json\/wp\/v2\/media?parent=2494"}],"wp:term":[{"taxonomy":"categoria-pagina","embeddable":true,"href":"https:\/\/www.familyvillasardinia.com\/fr\/wp-json\/wp\/v2\/categoria-pagina?post=2494"}],"curies":[{"name":"wp","href":"https:\/\/api.w.org\/{rel}","templated":true}]}}