{"id":2513,"date":"2024-10-18T10:22:46","date_gmt":"2024-10-18T08:22:46","guid":{"rendered":"https:\/\/www.familyvillasardinia.com\/services\/"},"modified":"2024-10-18T10:22:46","modified_gmt":"2024-10-18T08:22:46","slug":"services","status":"publish","type":"page","link":"https:\/\/www.familyvillasardinia.com\/fr\/services\/","title":{"rendered":"Services"},"content":{"rendered":"<p>Imaginez que vous arriviez dans votre villa et que vous soyez accueilli par de petits gestes con\u00e7us pour que vous vous sentiez imm\u00e9diatement chez vous.<br \/>\nNotre kit de bienvenue est un cadeau qui incarne la chaleur de l&rsquo;hospitalit\u00e9 sarde : une bouteille d&rsquo;eau fra\u00eeche, des spaghettis et de la sauce tomate pour un d\u00eener simple mais authentique, un jus de fruit et des biscuits, parfaits pour un en-cas.<\/p>\n<p>Dans la salle de bains, vous trouverez un kit complet pour vous dorloter apr\u00e8s un long voyage, avec tout ce dont vous avez besoin pour commencer vos vacances de la meilleure fa\u00e7on possible.<br \/>\nEt pour que vous puissiez profiter de chaque instant sans soucis, le kit de nettoyage est pr\u00eat \u00e0 vous aider : des languettes pour le lave-linge et le lave-vaisselle, des d\u00e9tergents et tout ce dont vous avez besoin pour garder votre maison impeccable.<\/p>\n<p>De plus, nous avons organis\u00e9 un service pratique de ramassage des ordures m\u00e9nag\u00e8res pour que vous puissiez vous consacrer uniquement \u00e0 vos vacances, sans souci.<\/p>\n<p>&nbsp;<\/p>\n<h3>Dans toutes les villas, vous trouverez<\/h3>\n","protected":false},"excerpt":{"rendered":"<p>Imaginez que vous arriviez dans votre villa et que vous soyez accueilli par de petits gestes con\u00e7us pour que vous vous sentiez imm\u00e9diatement chez vous. Notre kit de bienvenue est un cadeau qui incarne la chaleur de l&rsquo;hospitalit\u00e9 sarde : une bouteille d&rsquo;eau fra\u00eeche, des spaghettis et de la sauce tomate pour un d\u00eener simple [&hellip;]<\/p>\n","protected":false},"author":1,"featured_media":2171,"parent":0,"menu_order":0,"comment_status":"closed","ping_status":"closed","template":"","meta":{"_acf_changed":false,"footnotes":""},"categoria-pagina":[],"class_list":["post-2513","page","type-page","status-publish","has-post-thumbnail","hentry"],"acf":[],"_links":{"self":[{"href":"https:\/\/www.familyvillasardinia.com\/fr\/wp-json\/wp\/v2\/pages\/2513","targetHints":{"allow":["GET"]}}],"collection":[{"href":"https:\/\/www.familyvillasardinia.com\/fr\/wp-json\/wp\/v2\/pages"}],"about":[{"href":"https:\/\/www.familyvillasardinia.com\/fr\/wp-json\/wp\/v2\/types\/page"}],"author":[{"embeddable":true,"href":"https:\/\/www.familyvillasardinia.com\/fr\/wp-json\/wp\/v2\/users\/1"}],"replies":[{"embeddable":true,"href":"https:\/\/www.familyvillasardinia.com\/fr\/wp-json\/wp\/v2\/comments?post=2513"}],"version-history":[{"count":0,"href":"https:\/\/www.familyvillasardinia.com\/fr\/wp-json\/wp\/v2\/pages\/2513\/revisions"}],"wp:featuredmedia":[{"embeddable":true,"href":"https:\/\/www.familyvillasardinia.com\/fr\/wp-json\/wp\/v2\/media\/2171"}],"wp:attachment":[{"href":"https:\/\/www.familyvillasardinia.com\/fr\/wp-json\/wp\/v2\/media?parent=2513"}],"wp:term":[{"taxonomy":"categoria-pagina","embeddable":true,"href":"https:\/\/www.familyvillasardinia.com\/fr\/wp-json\/wp\/v2\/categoria-pagina?post=2513"}],"curies":[{"name":"wp","href":"https:\/\/api.w.org\/{rel}","templated":true}]}}