{"id":2575,"date":"2024-11-20T09:05:12","date_gmt":"2024-11-20T08:05:12","guid":{"rendered":"https:\/\/www.familyvillasardinia.com\/?page_id=2575"},"modified":"2024-12-20T09:20:03","modified_gmt":"2024-12-20T08:20:03","slug":"bateau-canot-pneumatique","status":"publish","type":"page","link":"https:\/\/www.familyvillasardinia.com\/fr\/bateau-canot-pneumatique\/","title":{"rendered":"Bateau &#038; Canot pneumatique"},"content":{"rendered":"<p><strong>Sardinia Boat Charter<\/strong> &#8211; le point de d\u00e9part pour des aventures inoubliables dans les eaux cristallines de la Sardaigne.<br \/>\nAvec nos excursions en bateau et charters soigneusement s\u00e9lectionn\u00e9s, nous offrons une occasion unique d\u2019explorer la c\u00f4te extraordinaire, les criques cach\u00e9es et les plages vierges de ce paradis m\u00e9diterran\u00e9en.<br \/>\nQue vous recherchiez une journ\u00e9e de d\u00e9tente en mer, une exp\u00e9rience priv\u00e9e en bateau ou une excursion nautique passionnante, notre \u00e9quipe professionnelle est d\u00e9di\u00e9e \u00e0 cr\u00e9er des moments de pure magie.<br \/>\nD\u00e9couvrez la beaut\u00e9 et la libert\u00e9 de la Sardaigne comme jamais auparavant avec Sardinia Boat Charter.<br \/>\nVotre aventure commence ici.<\/p>\n","protected":false},"excerpt":{"rendered":"<p>Sardinia Boat Charter &#8211; le point de d\u00e9part pour des aventures inoubliables dans les eaux cristallines de la Sardaigne. Avec nos excursions en bateau et charters soigneusement s\u00e9lectionn\u00e9s, nous offrons une occasion unique d\u2019explorer la c\u00f4te extraordinaire, les criques cach\u00e9es et les plages vierges de ce paradis m\u00e9diterran\u00e9en. Que vous recherchiez une journ\u00e9e de d\u00e9tente [&hellip;]<\/p>\n","protected":false},"author":3,"featured_media":1037,"parent":0,"menu_order":0,"comment_status":"closed","ping_status":"closed","template":"","meta":{"_acf_changed":false,"footnotes":""},"categoria-pagina":[22],"class_list":["post-2575","page","type-page","status-publish","has-post-thumbnail","hentry","categoria-pagina-daily-trips"],"acf":[],"_links":{"self":[{"href":"https:\/\/www.familyvillasardinia.com\/fr\/wp-json\/wp\/v2\/pages\/2575","targetHints":{"allow":["GET"]}}],"collection":[{"href":"https:\/\/www.familyvillasardinia.com\/fr\/wp-json\/wp\/v2\/pages"}],"about":[{"href":"https:\/\/www.familyvillasardinia.com\/fr\/wp-json\/wp\/v2\/types\/page"}],"author":[{"embeddable":true,"href":"https:\/\/www.familyvillasardinia.com\/fr\/wp-json\/wp\/v2\/users\/3"}],"replies":[{"embeddable":true,"href":"https:\/\/www.familyvillasardinia.com\/fr\/wp-json\/wp\/v2\/comments?post=2575"}],"version-history":[{"count":1,"href":"https:\/\/www.familyvillasardinia.com\/fr\/wp-json\/wp\/v2\/pages\/2575\/revisions"}],"predecessor-version":[{"id":2695,"href":"https:\/\/www.familyvillasardinia.com\/fr\/wp-json\/wp\/v2\/pages\/2575\/revisions\/2695"}],"wp:featuredmedia":[{"embeddable":true,"href":"https:\/\/www.familyvillasardinia.com\/fr\/wp-json\/wp\/v2\/media\/1037"}],"wp:attachment":[{"href":"https:\/\/www.familyvillasardinia.com\/fr\/wp-json\/wp\/v2\/media?parent=2575"}],"wp:term":[{"taxonomy":"categoria-pagina","embeddable":true,"href":"https:\/\/www.familyvillasardinia.com\/fr\/wp-json\/wp\/v2\/categoria-pagina?post=2575"}],"curies":[{"name":"wp","href":"https:\/\/api.w.org\/{rel}","templated":true}]}}